{"id":638,"date":"2019-03-18T08:28:16","date_gmt":"2019-03-18T08:28:16","guid":{"rendered":"https:\/\/srv19107.omansrv19.omanbros.com\/?page_id=638"},"modified":"2024-07-18T21:00:46","modified_gmt":"2024-07-18T19:00:46","slug":"impressum","status":"publish","type":"page","link":"https:\/\/www.andreapabst.at\/index.php\/impressum\/","title":{"rendered":"Impressum"},"content":{"rendered":"<h1>Impressum<\/h1>\n<div>\n<ul>\n<li class=\"fadeInUp animated\" data-animate=\"fadeInUp\" data-delay=\"200\">\n<div class=\"box\"><strong><span class=\"title\">Andrea Maria Pabst<\/span><\/strong><\/p>\n<p> Otto-Bauer-Gasse 25\/4\/36<br \/>1060 Wien<\/p>\n<p>Telefon:\u00a0<a class=\"tel\" href=\"tel:+4366488196122\">+43 664 88 19 61 22\u00a0<\/a><br \/>Email-Adresse:\u00a0<a href=\"mailto:office@andreapabst.at\">office@andreapabst.at<\/a><\/p>\n<p>Realisierung der Website in Kooperation:<br \/><a href=\"http:\/\/www.omanbros.com\/\" target=\"_blank\" rel=\"noopener\">OmanBros.com (Wien)<\/a>\u00a0|\u00a0<a href=\"http:\/\/jeneweinflow.at\/\" target=\"_blank\" rel=\"noopener\">Jenewein Flow (Graz)<\/a><br \/>Fotos:\u00a0<a href=\"http:\/\/www.sackl-kahr.com\/\" target=\"_blank\" rel=\"noopener\">Robert Sackl-Kahr<\/a><\/p>\n<\/div>\n<\/li>\n<li class=\"fadeInUp animated\" data-animate=\"fadeInUp\" data-delay=\"200\">\n<div class=\"box\"><strong><span class=\"title\">Rechtliche Informationen<\/span><\/strong><\/p>\n<p>Inhaberin: Andrea Maria Pabst<br \/>Rechtsform: Freiberufler<br \/>Kammer: Wirtschaftskammer Wien<br \/>Gesetzliche Berufsbezeichnung: Psychotherapeut, Lebens- und Sozialberater, \u00d6sterreich<br \/>Link zur WKO:\u00a0<a href=\"https:\/\/firmen.wko.at\/Web\/DetailsKontakt.aspx?FirmaID=b2abd0ca-a30d-4c5a-ad19-e324e3ddc1f6&amp;StandortID=0&amp;Suchbegriff=cocoquadrat&amp;Page=1\" target=\"_blank\" rel=\"noopener\">firmen.wko.at<\/a><\/p>\n<p>Ausgehende (externe) Verweise<br \/>Bei Links zu anderen Websites \u00fcbernehme ich keine Haftung f\u00fcr die dort befindlichen Inhalte. Bei der erstmaligen Verkn\u00fcpfung der externen Links wurden die fremden Inhalte auf etwaige Rechtsverst\u00f6\u00dfe \u00fcberpr\u00fcft, wobei jedoch keine Rechtsverst\u00f6\u00dfe ersichtlich waren.<\/p>\n<p>Urheber- und Leistungsschutzrechte<br \/>Die im Rahmen meines Online-Angebots ver\u00f6ffentlichten Inhalte unterliegen dem \u00f6sterreichischen Urheber- und Leistungsschutzrecht. Jede aufgrund dieser Bestimmungen nicht zugelassene Verwertung bedarf meiner vorherigen schriftlichen Zustimmung. Die unerlaubte Vervielf\u00e4ltigung oder Weitergabe einzelner Inhalte oder kompletter Seiten ist nicht gestattet und strafbar. Lediglich die Herstellung von Kopien und Downloads f\u00fcr den pers\u00f6nlichen, privaten und nicht kommerziellen Gebrauch ist erlaubt. Die Darstellung dieser Website oder Teilen daraus im Rahmen anderer Inhalte durch beispielsweise Frames oder i-Frames bedarf meiner ausdr\u00fccklichen Zustimmung.<\/p>\n<p>Widerspruch Werbe-Mails<br \/>Der Nutzung von im Rahmen der Impressumspflicht ver\u00f6ffentlichten Kontaktdaten zur \u00dcbersendung von nicht ausdr\u00fccklich angeforderter Werbung und Informationsmaterialien wird hiermit widersprochen. Die Betreiber der Seiten behalten sich ausdr\u00fccklich rechtliche Schritte im Falle der unverlangten Zusendung von Werbeinformationen, etwa durch Spam-E-Mails, vor.\u2028<\/p>\n<\/div>\n<\/li>\n<\/ul>\n<\/div>\n<p><!--more--><br \/>\n<!-- {\"type\":\"layout\",\"children\":[{\"type\":\"section\",\"props\":{\"css\":\"p {font-size:16px;}\\nli {font-size:16px;}\\n\",\"image_position\":\"center-center\",\"style\":\"default\",\"title_breakpoint\":\"xl\",\"title_position\":\"top-left\",\"title_rotation\":\"left\",\"vertical_align\":\"middle\",\"width\":\"default\"},\"children\":[{\"type\":\"row\",\"children\":[{\"type\":\"column\",\"props\":{\"image_position\":\"center-center\",\"position_sticky_breakpoint\":\"m\",\"style\":\"tile-default\",\"width_medium\":\"1-1\"},\"children\":[{\"type\":\"headline\",\"props\":{\"content\":\"Impressum\",\"text_align\":\"center\",\"title_color\":\"primary\",\"title_element\":\"h1\",\"title_style\":\"h1\"}},{\"type\":\"text\",\"props\":{\"column_breakpoint\":\"m\",\"content\":\"\n\n<ul>\\n\n\n<li class=\\\"fadeInUp animated\\\" data-animate=\\\"fadeInUp\\\" data-delay=\\\"200\\\">\\n\n\n<div class=\\\"box\\\"><strong><span class=\\\"title\\\">Andrea Maria Pabst<\\\/span><\\\/strong>\\n\n\n<p> Otto-Bauer-Gasse 25\\\/4\\\/36<br \\\/>1060 Wien<br \\\/><br \\\/>Telefon:\\u00a0<a class=\\\"tel\\\" href=\\\"tel:+4366488196122\\\">+43 664 88 19 61 22\\u00a0<\\\/a><br \\\/>Email-Adresse:\\u00a0<a href=\\\"mailto:office@andreapabst.at\\\">office@andreapabst.at<\\\/a><br \\\/><br \\\/>Realisierung der Website in Kooperation:<br \\\/><a href=\\\"http:\\\/\\\/www.omanbros.com\\\/\\\" target=\\\"_blank\\\" rel=\\\"noopener\\\">OmanBros.com (Wien)<\\\/a>\\u00a0|\\u00a0<a href=\\\"http:\\\/\\\/jeneweinflow.at\\\/\\\" target=\\\"_blank\\\" rel=\\\"noopener\\\">Jenewein Flow (Graz)<\\\/a><br \\\/>Fotos:\\u00a0<a href=\\\"http:\\\/\\\/www.sackl-kahr.com\\\/\\\" target=\\\"_blank\\\" rel=\\\"noopener\\\">Robert Sackl-Kahr<\\\/a><\\\/p>\\n<\\\/div>\\n<\\\/li>\\n\n\n<li class=\\\"fadeInUp animated\\\" data-animate=\\\"fadeInUp\\\" data-delay=\\\"200\\\">\\n\n\n<div class=\\\"box\\\"><strong><span class=\\\"title\\\">Rechtliche Informationen<\\\/span><\\\/strong>\\n\n\n<p>Inhaberin: Andrea Maria Pabst<br \\\/>Rechtsform: Freiberufler<br \\\/>Kammer: Wirtschaftskammer Wien<br \\\/>Gesetzliche Berufsbezeichnung: Psychotherapeut, Lebens- und Sozialberater, \\u00d6sterreich<br \\\/>Link zur WKO:\\u00a0<a href=\\\"https:\\\/\\\/firmen.wko.at\\\/Web\\\/DetailsKontakt.aspx?FirmaID=b2abd0ca-a30d-4c5a-ad19-e324e3ddc1f6&amp;StandortID=0&amp;Suchbegriff=cocoquadrat&amp;Page=1\\\" target=\\\"_blank\\\" rel=\\\"noopener\\\">firmen.wko.at<\\\/a><br \\\/><br \\\/>Ausgehende (externe) Verweise<br \\\/>Bei Links zu anderen Websites \\u00fcbernehme ich keine Haftung f\\u00fcr die dort befindlichen Inhalte. Bei der erstmaligen Verkn\\u00fcpfung der externen Links wurden die fremden Inhalte auf etwaige Rechtsverst\\u00f6\\u00dfe \\u00fcberpr\\u00fcft, wobei jedoch keine Rechtsverst\\u00f6\\u00dfe ersichtlich waren.<br \\\/><br \\\/>Urheber- und Leistungsschutzrechte<br \\\/>Die im Rahmen meines Online-Angebots ver\\u00f6ffentlichten Inhalte unterliegen dem \\u00f6sterreichischen Urheber- und Leistungsschutzrecht. Jede aufgrund dieser Bestimmungen nicht zugelassene Verwertung bedarf meiner vorherigen schriftlichen Zustimmung. Die unerlaubte Vervielf\\u00e4ltigung oder Weitergabe einzelner Inhalte oder kompletter Seiten ist nicht gestattet und strafbar. Lediglich die Herstellung von Kopien und Downloads f\\u00fcr den pers\\u00f6nlichen, privaten und nicht kommerziellen Gebrauch ist erlaubt. Die Darstellung dieser Website oder Teilen daraus im Rahmen anderer Inhalte durch beispielsweise Frames oder i-Frames bedarf meiner ausdr\\u00fccklichen Zustimmung.<br \\\/><br \\\/>Widerspruch Werbe-Mails<br \\\/>Der Nutzung von im Rahmen der Impressumspflicht ver\\u00f6ffentlichten Kontaktdaten zur \\u00dcbersendung von nicht ausdr\\u00fccklich angeforderter Werbung und Informationsmaterialien wird hiermit widersprochen. Die Betreiber der Seiten behalten sich ausdr\\u00fccklich rechtliche Schritte im Falle der unverlangten Zusendung von Werbeinformationen, etwa durch Spam-E-Mails, vor.\\u2028<\\\/p>\\n<\\\/div>\\n<\\\/li>\\n<\\\/ul>\",\"margin\":\"default\"}}]}]}]}],\"version\":\"4.3.5\"} --><\/p>\n","protected":false},"excerpt":{"rendered":"<p>Impressum Andrea Maria Pabst Otto-Bauer-Gasse 25\/4\/361060 Wien Telefon:\u00a0+43 664 88 19 61 22\u00a0Email-Adresse:\u00a0office@andreapabst.at Realisierung der Website in Kooperation:OmanBros.com (Wien)\u00a0|\u00a0Jenewein Flow (Graz)Fotos:\u00a0Robert Sackl-Kahr Rechtliche Informationen Inhaberin: Andrea Maria PabstRechtsform: FreiberuflerKammer: Wirtschaftskammer WienGesetzliche Berufsbezeichnung: Psychotherapeut, Lebens- und Sozialberater, \u00d6sterreichLink zur WKO:\u00a0firmen.wko.at Ausgehende (externe) VerweiseBei Links zu anderen Websites \u00fcbernehme ich keine Haftung f\u00fcr die dort befindlichen Inhalte. [&hellip;]<\/p>\n","protected":false},"author":2,"featured_media":0,"parent":0,"menu_order":0,"comment_status":"closed","ping_status":"closed","template":"","meta":{"footnotes":""},"class_list":["post-638","page","type-page","status-publish","hentry"],"yoast_head":"<!-- This site is optimized with the Yoast SEO plugin v27.3 - https:\/\/yoast.com\/product\/yoast-seo-wordpress\/ -->\n<title>Impressum - Andrea Pabst- Psychotherapie<\/title>\n<meta name=\"description\" content=\"Webgasse 37\/2\/2 1060 Wien Email-Adresse: office@andreapabst.at Realisierung der Website in Kooperation: OmanBros.com (Wien) | Jenewein Flow (Graz)\" \/>\n<meta name=\"robots\" content=\"index, follow, max-snippet:-1, max-image-preview:large, max-video-preview:-1\" \/>\n<link rel=\"canonical\" href=\"https:\/\/www.andreapabst.at\/index.php\/impressum\/\" \/>\n<meta property=\"og:locale\" content=\"de_DE\" \/>\n<meta property=\"og:type\" content=\"article\" \/>\n<meta property=\"og:title\" content=\"Impressum - Andrea Pabst- Psychotherapie\" \/>\n<meta property=\"og:description\" content=\"Webgasse 37\/2\/2 1060 Wien Email-Adresse: office@andreapabst.at Realisierung der Website in Kooperation: OmanBros.com (Wien) | Jenewein Flow (Graz)\" \/>\n<meta property=\"og:url\" content=\"https:\/\/www.andreapabst.at\/index.php\/impressum\/\" \/>\n<meta property=\"og:site_name\" content=\"Andrea Pabst- Psychotherapie\" \/>\n<meta property=\"article:modified_time\" content=\"2024-07-18T19:00:46+00:00\" \/>\n<meta name=\"twitter:card\" content=\"summary_large_image\" \/>\n<meta name=\"twitter:label1\" content=\"Gesch\u00e4tzte Lesezeit\" \/>\n\t<meta name=\"twitter:data1\" content=\"1\u00a0Minute\" \/>\n<script type=\"application\/ld+json\" class=\"yoast-schema-graph\">{\"@context\":\"https:\\\/\\\/schema.org\",\"@graph\":[{\"@type\":\"WebPage\",\"@id\":\"https:\\\/\\\/www.andreapabst.at\\\/index.php\\\/impressum\\\/\",\"url\":\"https:\\\/\\\/www.andreapabst.at\\\/index.php\\\/impressum\\\/\",\"name\":\"Impressum - Andrea Pabst- Psychotherapie\",\"isPartOf\":{\"@id\":\"https:\\\/\\\/www.andreapabst.at\\\/#website\"},\"datePublished\":\"2019-03-18T08:28:16+00:00\",\"dateModified\":\"2024-07-18T19:00:46+00:00\",\"description\":\"Webgasse 37\\\/2\\\/2 1060 Wien Email-Adresse: office@andreapabst.at Realisierung der Website in Kooperation: OmanBros.com (Wien) | Jenewein Flow (Graz)\",\"breadcrumb\":{\"@id\":\"https:\\\/\\\/www.andreapabst.at\\\/index.php\\\/impressum\\\/#breadcrumb\"},\"inLanguage\":\"de\",\"potentialAction\":[{\"@type\":\"ReadAction\",\"target\":[\"https:\\\/\\\/www.andreapabst.at\\\/index.php\\\/impressum\\\/\"]}]},{\"@type\":\"BreadcrumbList\",\"@id\":\"https:\\\/\\\/www.andreapabst.at\\\/index.php\\\/impressum\\\/#breadcrumb\",\"itemListElement\":[{\"@type\":\"ListItem\",\"position\":1,\"name\":\"Home\",\"item\":\"https:\\\/\\\/www.andreapabst.at\\\/\"},{\"@type\":\"ListItem\",\"position\":2,\"name\":\"Impressum\"}]},{\"@type\":\"WebSite\",\"@id\":\"https:\\\/\\\/www.andreapabst.at\\\/#website\",\"url\":\"https:\\\/\\\/www.andreapabst.at\\\/\",\"name\":\"Andrea Pabst- Psychotherapie\",\"description\":\"Hilfe bei Panikattacken, Paartherapie, Ehetherapie\",\"potentialAction\":[{\"@type\":\"SearchAction\",\"target\":{\"@type\":\"EntryPoint\",\"urlTemplate\":\"https:\\\/\\\/www.andreapabst.at\\\/?s={search_term_string}\"},\"query-input\":{\"@type\":\"PropertyValueSpecification\",\"valueRequired\":true,\"valueName\":\"search_term_string\"}}],\"inLanguage\":\"de\"}]}<\/script>\n<!-- \/ Yoast SEO plugin. -->","yoast_head_json":{"title":"Impressum - Andrea Pabst- Psychotherapie","description":"Webgasse 37\/2\/2 1060 Wien Email-Adresse: office@andreapabst.at Realisierung der Website in Kooperation: OmanBros.com (Wien) | Jenewein Flow (Graz)","robots":{"index":"index","follow":"follow","max-snippet":"max-snippet:-1","max-image-preview":"max-image-preview:large","max-video-preview":"max-video-preview:-1"},"canonical":"https:\/\/www.andreapabst.at\/index.php\/impressum\/","og_locale":"de_DE","og_type":"article","og_title":"Impressum - Andrea Pabst- Psychotherapie","og_description":"Webgasse 37\/2\/2 1060 Wien Email-Adresse: office@andreapabst.at Realisierung der Website in Kooperation: OmanBros.com (Wien) | Jenewein Flow (Graz)","og_url":"https:\/\/www.andreapabst.at\/index.php\/impressum\/","og_site_name":"Andrea Pabst- Psychotherapie","article_modified_time":"2024-07-18T19:00:46+00:00","twitter_card":"summary_large_image","twitter_misc":{"Gesch\u00e4tzte Lesezeit":"1\u00a0Minute"},"schema":{"@context":"https:\/\/schema.org","@graph":[{"@type":"WebPage","@id":"https:\/\/www.andreapabst.at\/index.php\/impressum\/","url":"https:\/\/www.andreapabst.at\/index.php\/impressum\/","name":"Impressum - Andrea Pabst- Psychotherapie","isPartOf":{"@id":"https:\/\/www.andreapabst.at\/#website"},"datePublished":"2019-03-18T08:28:16+00:00","dateModified":"2024-07-18T19:00:46+00:00","description":"Webgasse 37\/2\/2 1060 Wien Email-Adresse: office@andreapabst.at Realisierung der Website in Kooperation: OmanBros.com (Wien) | Jenewein Flow (Graz)","breadcrumb":{"@id":"https:\/\/www.andreapabst.at\/index.php\/impressum\/#breadcrumb"},"inLanguage":"de","potentialAction":[{"@type":"ReadAction","target":["https:\/\/www.andreapabst.at\/index.php\/impressum\/"]}]},{"@type":"BreadcrumbList","@id":"https:\/\/www.andreapabst.at\/index.php\/impressum\/#breadcrumb","itemListElement":[{"@type":"ListItem","position":1,"name":"Home","item":"https:\/\/www.andreapabst.at\/"},{"@type":"ListItem","position":2,"name":"Impressum"}]},{"@type":"WebSite","@id":"https:\/\/www.andreapabst.at\/#website","url":"https:\/\/www.andreapabst.at\/","name":"Andrea Pabst- Psychotherapie","description":"Hilfe bei Panikattacken, Paartherapie, Ehetherapie","potentialAction":[{"@type":"SearchAction","target":{"@type":"EntryPoint","urlTemplate":"https:\/\/www.andreapabst.at\/?s={search_term_string}"},"query-input":{"@type":"PropertyValueSpecification","valueRequired":true,"valueName":"search_term_string"}}],"inLanguage":"de"}]}},"_links":{"self":[{"href":"https:\/\/www.andreapabst.at\/index.php\/wp-json\/wp\/v2\/pages\/638","targetHints":{"allow":["GET"]}}],"collection":[{"href":"https:\/\/www.andreapabst.at\/index.php\/wp-json\/wp\/v2\/pages"}],"about":[{"href":"https:\/\/www.andreapabst.at\/index.php\/wp-json\/wp\/v2\/types\/page"}],"author":[{"embeddable":true,"href":"https:\/\/www.andreapabst.at\/index.php\/wp-json\/wp\/v2\/users\/2"}],"replies":[{"embeddable":true,"href":"https:\/\/www.andreapabst.at\/index.php\/wp-json\/wp\/v2\/comments?post=638"}],"version-history":[{"count":1,"href":"https:\/\/www.andreapabst.at\/index.php\/wp-json\/wp\/v2\/pages\/638\/revisions"}],"predecessor-version":[{"id":22463,"href":"https:\/\/www.andreapabst.at\/index.php\/wp-json\/wp\/v2\/pages\/638\/revisions\/22463"}],"wp:attachment":[{"href":"https:\/\/www.andreapabst.at\/index.php\/wp-json\/wp\/v2\/media?parent=638"}],"curies":[{"name":"wp","href":"https:\/\/api.w.org\/{rel}","templated":true}]}}